{"id":264,"date":"2017-07-30T11:01:34","date_gmt":"2017-07-30T11:01:34","guid":{"rendered":"http:\/\/kurthummel.com\/?page_id=264"},"modified":"2020-02-23T11:17:41","modified_gmt":"2020-02-23T11:17:41","slug":"tabs","status":"publish","type":"page","link":"http:\/\/kurthummel.com\/?page_id=264","title":{"rendered":"TABs"},"content":{"rendered":"<p style=\"text-align: center;\"><strong><img loading=\"lazy\" class=\"alignleft\" src=\"http:\/\/kurthummel.com\/wp-content\/uploads\/2018\/04\/Cover250_Gitarrenbuch.jpg\" width=\"157\" height=\"222\"><\/strong><\/p>\n<p style=\"text-align: center;\"><strong>Guitar Music Compositions&nbsp;<br \/>\n<\/strong><strong>Kurt Hummel 1995-2017<br \/>\n<\/strong>56 Titel &#8211; erschienen bei epubli &#8211; Berlin<\/p>\n<p style=\"text-align: center;\">erh\u00e4ltlich bei:&nbsp; &nbsp;<a href=\"https:\/\/www.epubli.de\/shop\/buch\/Guitar-Music-Compositions-1995-2017-Kurt-Hummel-9783746718439\/74183\"><img loading=\"lazy\" class=\"alignnone size-full wp-image-744\" src=\"http:\/\/kurthummel.com\/wp-content\/uploads\/2018\/04\/epubli40.jpg\" alt=\"\" width=\"42\" height=\"49\"><\/a><em><a href=\"https:\/\/www.amazon.de\/Guitar-Music-Compositions-1995-2017-Hummel\/dp\/3746718430\"><img loading=\"lazy\" class=\"alignnone size-full wp-image-743\" src=\"http:\/\/kurthummel.com\/wp-content\/uploads\/2018\/04\/Amazon40.jpg\" alt=\"\" width=\"32\" height=\"30\"><\/a><\/em>&nbsp; &nbsp;<a href=\"https:\/\/www.hugendubel.de\/de\/buch\/kurt_hummel-guitar_music_compositions_1995_2017-33011567-produkt-details.html\"><img loading=\"lazy\" class=\"alignnone size-full wp-image-754\" src=\"http:\/\/kurthummel.com\/wp-content\/uploads\/2018\/04\/Hugendubel40.jpg\" alt=\"\" width=\"18\" height=\"33\"><\/a><\/p>\n<p style=\"text-align: left;\"><em>Das Buch enth\u00e4lt einen Gro\u00dfteil der von Kurt Hummel in den Jahren 1995 bis 2017 komponierten St\u00fccke f\u00fcr die Sologitarre. Die 56 St\u00fccke sind in Noten und Tabulatur notiert und im Bereich mittelschwer einzustufen.<br \/>\n<\/em><em style=\"font-size: inherit;\">Auch Informationen zu den einzelnen St\u00fccken sind zu finden (Story hinter den Kompositionen, Ver\u00f6ffentlichungen\u2026). Einige der St\u00fccke sind f\u00fcr Partialkapodaster notiert. Im ersten Teil des Buches ist auch einiges zur Person und dem Gitarrenspiel des Autors zu finden. Alle Texte sind in Deutsch und Englisch vorhanden.&nbsp;&nbsp;<\/em><\/p>\n<p style=\"text-align: center;\"><strong>Einiger meiner St\u00fccke als Noten und Tabs im PDF und Midi-Format<\/strong><\/p>\n<p style=\"text-align: center;\"><span style=\"color: #808080;\"><strong>Between the Beaches&nbsp;<\/strong><\/span><br \/>\n<img class=\"alignnone size-full wp-image-681\"><a href=\"http:\/\/kurthummel.com\/wp-content\/uploads\/2020\/02\/Between_the_Beaches.mp3\"><img loading=\"lazy\" class=\"alignnone size-full wp-image-681\" src=\"http:\/\/kurthummel.com\/wp-content\/uploads\/2018\/03\/icon_speaker.png\" alt=\"\" width=\"32\" height=\"32\"><\/a>&nbsp; &nbsp;&nbsp;<a href=\"http:\/\/kurthummel.com\/wp-content\/uploads\/2020\/02\/BetweenTheBeaches.pdf\"><img loading=\"lazy\" class=\"alignnone size-full wp-image-680\" src=\"http:\/\/kurthummel.com\/wp-content\/uploads\/2018\/03\/icon_pdf.png\" alt=\"\" width=\"32\" height=\"32\"><\/a>&nbsp; &nbsp; &nbsp;&nbsp;<a href=\"http:\/\/kurthummel.com\/wp-content\/uploads\/2020\/02\/BetweenTheBeaches.mid\"><img loading=\"lazy\" class=\"alignnone size-full wp-image-678\" src=\"http:\/\/kurthummel.com\/wp-content\/uploads\/2018\/03\/icon_midi.png\" alt=\"\" width=\"32\" height=\"32\"><\/a><\/p>\n<hr>\n<p style=\"text-align: center;\"><span style=\"color: #808080;\"><strong>Mariage Des Quatre Valses&nbsp;<\/strong><\/span><br \/>\n<img class=\"alignnone size-full wp-image-681\"><a href=\"http:\/\/kurthummel.com\/wp-content\/uploads\/2018\/11\/MariageDesQuatreValses.mp3\"><img loading=\"lazy\" class=\"alignnone size-full wp-image-681\" src=\"http:\/\/kurthummel.com\/wp-content\/uploads\/2018\/03\/icon_speaker.png\" alt=\"\" width=\"32\" height=\"32\"><\/a>&nbsp; &nbsp;&nbsp;<a href=\"http:\/\/kurthummel.com\/wp-content\/uploads\/2018\/11\/MariageDesQuatreValses.pdf\"><img loading=\"lazy\" class=\"alignnone size-full wp-image-680\" src=\"http:\/\/kurthummel.com\/wp-content\/uploads\/2018\/03\/icon_pdf.png\" alt=\"\" width=\"32\" height=\"32\"><\/a>&nbsp; &nbsp; &nbsp;&nbsp;<a href=\"http:\/\/kurthummel.com\/wp-content\/uploads\/2018\/11\/MariageDesQuatreValses.mid\"><img loading=\"lazy\" class=\"alignnone size-full wp-image-678\" src=\"http:\/\/kurthummel.com\/wp-content\/uploads\/2018\/03\/icon_midi.png\" alt=\"\" width=\"32\" height=\"32\"><\/a><\/p>\n<hr>\n<p style=\"text-align: center;\"><span style=\"color: #808080;\"><strong>By the way&nbsp;<\/strong><\/span><br \/>\n<img class=\"alignnone size-full wp-image-681\"><a href=\"http:\/\/kurthummel.com\/wp-content\/uploads\/2018\/11\/ByTheWay.mp3\"><img loading=\"lazy\" class=\"alignnone size-full wp-image-681\" src=\"http:\/\/kurthummel.com\/wp-content\/uploads\/2018\/03\/icon_speaker.png\" alt=\"\" width=\"32\" height=\"32\"><\/a>&nbsp; &nbsp;&nbsp;<a href=\"http:\/\/kurthummel.com\/wp-content\/uploads\/2018\/11\/ByTheWay.pdf\"><img loading=\"lazy\" class=\"alignnone size-full wp-image-680\" src=\"http:\/\/kurthummel.com\/wp-content\/uploads\/2018\/03\/icon_pdf.png\" alt=\"\" width=\"32\" height=\"32\"><\/a>&nbsp; &nbsp; &nbsp;&nbsp;<a href=\"http:\/\/kurthummel.com\/wp-content\/uploads\/2018\/11\/ByTheWay.mid\"><img loading=\"lazy\" class=\"alignnone size-full wp-image-678\" src=\"http:\/\/kurthummel.com\/wp-content\/uploads\/2018\/03\/icon_midi.png\" alt=\"\" width=\"32\" height=\"32\"><\/a><\/p>\n<hr>\n<p style=\"text-align: center;\"><span style=\"color: #808080;\"><strong>New Perspectives in Known Places&nbsp;<\/strong><\/span><br \/>\n<img class=\"alignnone size-full wp-image-681\"><a href=\"http:\/\/kurthummel.com\/wp-content\/uploads\/2018\/03\/NewPerspectivesInKnownPlaces.mp3\"><img loading=\"lazy\" class=\"alignnone size-full wp-image-681\" src=\"http:\/\/kurthummel.com\/wp-content\/uploads\/2018\/03\/icon_speaker.png\" alt=\"\" width=\"32\" height=\"32\"><\/a>&nbsp; &nbsp;&nbsp;<a href=\"http:\/\/kurthummel.com\/wp-content\/uploads\/2017\/12\/New-Perspectives-in-known-Place.pdf\"><img loading=\"lazy\" class=\"alignnone size-full wp-image-680\" src=\"http:\/\/kurthummel.com\/wp-content\/uploads\/2018\/03\/icon_pdf.png\" alt=\"\" width=\"32\" height=\"32\"><\/a>&nbsp; &nbsp; &nbsp;&nbsp;<a href=\"http:\/\/kurthummel.com\/wp-content\/uploads\/2018\/03\/New-Perspectives-in-known-Places.mid\"><img loading=\"lazy\" class=\"alignnone size-full wp-image-678\" src=\"http:\/\/kurthummel.com\/wp-content\/uploads\/2018\/03\/icon_midi.png\" alt=\"\" width=\"32\" height=\"32\"><\/a><\/p>\n<hr>\n<p style=\"text-align: center;\"><strong><span style=\"color: #808080;\">S\u00e3o Miguel<\/span>&nbsp;<\/strong><br \/>\n<img class=\"alignnone size-full wp-image-681\"><a href=\"http:\/\/kurthummel.com\/wp-content\/uploads\/2017\/08\/KH_Sao_Miguel.mp3\"><img loading=\"lazy\" class=\"alignnone size-full wp-image-681\" src=\"http:\/\/kurthummel.com\/wp-content\/uploads\/2018\/03\/icon_speaker.png\" alt=\"\" width=\"32\" height=\"32\"><\/a>&nbsp; &nbsp;&nbsp;<a href=\"http:\/\/kurthummel.com\/wp-content\/uploads\/2017\/08\/SaoMiguelX.pdf\"><img loading=\"lazy\" class=\"alignnone size-full wp-image-680\" src=\"http:\/\/kurthummel.com\/wp-content\/uploads\/2018\/03\/icon_pdf.png\" alt=\"\" width=\"32\" height=\"32\"><\/a>&nbsp; &nbsp; &nbsp;&nbsp;<a href=\"http:\/\/kurthummel.com\/wp-content\/uploads\/2018\/03\/SaoMiguel.mid\"><img loading=\"lazy\" class=\"alignnone size-full wp-image-678\" src=\"http:\/\/kurthummel.com\/wp-content\/uploads\/2018\/03\/icon_midi.png\" alt=\"\" width=\"32\" height=\"32\"><\/a><\/p>\n<hr>\n<p style=\"text-align: center;\"><span style=\"color: #808080;\"><strong>To Late For Breakfast<\/strong><\/span><a href=\"http:\/\/kurthummel.com\/wp-content\/uploads\/2018\/03\/ToLateForBreakfast.mp3\"><br \/>\n<img loading=\"lazy\" class=\"alignnone size-full wp-image-681\" src=\"http:\/\/kurthummel.com\/wp-content\/uploads\/2018\/03\/icon_speaker.png\" alt=\"\" width=\"32\" height=\"32\"><\/a><a href=\"http:\/\/kurthummel.com\/wp-content\/uploads\/2017\/07\/ToLateForBreakfast.pdf\">&nbsp; &nbsp;&nbsp;<\/a><a href=\"http:\/\/kurthummel.com\/wp-content\/uploads\/2017\/07\/ToLateForBreakfast.pdf\"><img loading=\"lazy\" class=\"alignnone size-full wp-image-680\" src=\"http:\/\/kurthummel.com\/wp-content\/uploads\/2018\/03\/icon_pdf.png\" alt=\"\" width=\"32\" height=\"32\"><\/a>&nbsp; &nbsp; &nbsp; <a href=\"http:\/\/kurthummel.com\/wp-content\/uploads\/2018\/03\/TooLateForBreakfast.mid\"><img loading=\"lazy\" class=\"alignnone size-full wp-image-678\" src=\"http:\/\/kurthummel.com\/wp-content\/uploads\/2018\/03\/icon_midi.png\" alt=\"\" width=\"32\" height=\"32\"><\/a><\/p>\n<hr>\n<p style=\"text-align: center;\"><span style=\"color: #808080;\"><strong>Corse<\/strong><\/span><br \/>\n<a href=\"http:\/\/kurthummel.com\/wp-content\/uploads\/2018\/03\/Corse.mp3\"><img loading=\"lazy\" class=\"alignnone size-full wp-image-681\" src=\"http:\/\/kurthummel.com\/wp-content\/uploads\/2018\/03\/icon_speaker.png\" alt=\"\" width=\"32\" height=\"32\"><\/a><a href=\"http:\/\/kurthummel.com\/wp-content\/uploads\/2017\/07\/ToLateForBreakfast.pdf\">&nbsp; &nbsp;&nbsp;<\/a><a href=\"http:\/\/kurthummel.com\/wp-content\/uploads\/2017\/07\/CORSE.pdf\"><img loading=\"lazy\" class=\"alignnone size-full wp-image-680\" src=\"http:\/\/kurthummel.com\/wp-content\/uploads\/2018\/03\/icon_pdf.png\" alt=\"\" width=\"32\" height=\"32\"><\/a><a href=\"http:\/\/kurthummel.com\/wp-content\/uploads\/2017\/07\/CORSE.pdf\">&nbsp; &nbsp; &nbsp; <\/a><a href=\"http:\/\/kurthummel.com\/wp-content\/uploads\/2018\/03\/Corse.mid\"><img loading=\"lazy\" class=\"alignnone size-full wp-image-678\" src=\"http:\/\/kurthummel.com\/wp-content\/uploads\/2018\/03\/icon_midi.png\" alt=\"\" width=\"32\" height=\"32\"><\/a><a href=\"http:\/\/kurthummel.com\/wp-content\/uploads\/2017\/07\/CORSE.pdf\"><br \/>\n<\/a><\/p>\n<hr>\n<p style=\"text-align: center;\"><span style=\"color: #808080;\"><strong>Bernas<\/strong><\/span><br \/>\n<a href=\"http:\/\/kurthummel.com\/wp-content\/uploads\/2017\/07\/bernas.mp3\"><img loading=\"lazy\" class=\"alignnone size-full wp-image-681\" src=\"http:\/\/kurthummel.com\/wp-content\/uploads\/2018\/03\/icon_speaker.png\" alt=\"\" width=\"32\" height=\"32\"><\/a><a href=\"http:\/\/kurthummel.com\/wp-content\/uploads\/2017\/07\/ToLateForBreakfast.pdf\">&nbsp; &nbsp;&nbsp;<\/a><a href=\"http:\/\/kurthummel.com\/wp-content\/uploads\/2017\/07\/Bernas.pdf\"><img loading=\"lazy\" class=\"alignnone size-full wp-image-680\" src=\"http:\/\/kurthummel.com\/wp-content\/uploads\/2018\/03\/icon_pdf.png\" alt=\"\" width=\"32\" height=\"32\"><\/a><a href=\"http:\/\/kurthummel.com\/wp-content\/uploads\/2017\/07\/CORSE.pdf\">&nbsp; &nbsp; &nbsp; <\/a><a href=\"http:\/\/kurthummel.com\/wp-content\/uploads\/2018\/03\/Bernas.mid\"><img loading=\"lazy\" class=\"alignnone size-full wp-image-678\" src=\"http:\/\/kurthummel.com\/wp-content\/uploads\/2018\/03\/icon_midi.png\" alt=\"\" width=\"32\" height=\"32\"><\/a><a href=\"http:\/\/kurthummel.com\/wp-content\/uploads\/2017\/07\/Bernas.pdf\"><br \/>\n<\/a><\/p>\n<hr>\n<p style=\"text-align: center;\"><span style=\"color: #808080;\"><strong>Underneath a Giant Redwood<\/strong><\/span><br \/>\n<a href=\"http:\/\/kurthummel.com\/wp-content\/uploads\/2017\/07\/Underneath_a_Giant_Reedwood.mp3\"><img loading=\"lazy\" class=\"alignnone size-full wp-image-681\" src=\"http:\/\/kurthummel.com\/wp-content\/uploads\/2018\/03\/icon_speaker.png\" alt=\"\" width=\"32\" height=\"32\"><\/a>&nbsp; &nbsp;&nbsp;<a href=\"http:\/\/kurthummel.com\/wp-content\/uploads\/2017\/07\/Underneath_a_Giant_Redwood.pdf\"><img loading=\"lazy\" class=\"alignnone size-full wp-image-680\" src=\"http:\/\/kurthummel.com\/wp-content\/uploads\/2018\/03\/icon_pdf.png\" alt=\"\" width=\"32\" height=\"32\"><\/a>&nbsp; &nbsp; &nbsp;&nbsp;<a href=\"http:\/\/kurthummel.com\/wp-content\/uploads\/2018\/03\/UnderneathAGiantRedwood.mid\"><img loading=\"lazy\" class=\"alignnone size-full wp-image-678\" src=\"http:\/\/kurthummel.com\/wp-content\/uploads\/2018\/03\/icon_midi.png\" alt=\"\" width=\"32\" height=\"32\"><\/a><\/p>\n<hr>\n<p style=\"text-align: center;\"><span style=\"color: #808080;\"><strong>Old Couple<\/strong><\/span><br \/>\n<a href=\"http:\/\/kurthummel.com\/wp-content\/uploads\/2017\/07\/oldCouple_12str.mp3\"><img loading=\"lazy\" class=\"alignnone size-full wp-image-681\" src=\"http:\/\/kurthummel.com\/wp-content\/uploads\/2018\/03\/icon_speaker.png\" alt=\"\" width=\"32\" height=\"32\"><\/a>&nbsp; &nbsp;&nbsp;<a href=\"http:\/\/kurthummel.com\/wp-content\/uploads\/2017\/07\/Old_Couple.pdf\"><img loading=\"lazy\" class=\"alignnone size-full wp-image-680\" src=\"http:\/\/kurthummel.com\/wp-content\/uploads\/2018\/03\/icon_pdf.png\" alt=\"\" width=\"32\" height=\"32\"><\/a>&nbsp; &nbsp; &nbsp;&nbsp;<a href=\"http:\/\/kurthummel.com\/wp-content\/uploads\/2018\/03\/Old-Couple.mid\"><img loading=\"lazy\" class=\"alignnone size-full wp-image-678\" src=\"http:\/\/kurthummel.com\/wp-content\/uploads\/2018\/03\/icon_midi.png\" alt=\"\" width=\"32\" height=\"32\"><\/a><\/p>\n<hr>\n<p style=\"text-align: center;\"><span style=\"color: #808080;\"><strong>Music for S.<\/strong><\/span><br \/>\n<a href=\"http:\/\/kurthummel.com\/wp-content\/uploads\/2018\/03\/MusicForS.mp3\"><img loading=\"lazy\" class=\"alignnone size-full wp-image-681\" src=\"http:\/\/kurthummel.com\/wp-content\/uploads\/2018\/03\/icon_speaker.png\" alt=\"\" width=\"32\" height=\"32\"><\/a>&nbsp; &nbsp;&nbsp;<a href=\"http:\/\/kurthummel.com\/wp-content\/uploads\/2017\/07\/Music_for_S.pdf\"><img loading=\"lazy\" class=\"alignnone size-full wp-image-680\" src=\"http:\/\/kurthummel.com\/wp-content\/uploads\/2018\/03\/icon_pdf.png\" alt=\"\" width=\"32\" height=\"32\"><\/a>&nbsp; &nbsp; &nbsp;&nbsp;<a href=\"http:\/\/kurthummel.com\/wp-content\/uploads\/2018\/03\/Music_for_S.mid\"><img loading=\"lazy\" class=\"alignnone size-full wp-image-678\" src=\"http:\/\/kurthummel.com\/wp-content\/uploads\/2018\/03\/icon_midi.png\" alt=\"\" width=\"32\" height=\"32\"><\/a><\/p>\n<hr>\n<p style=\"text-align: center;\"><span style=\"color: #808080;\"><strong>Good Bye Woody<\/strong><\/span><br \/>\n<a href=\"http:\/\/kurthummel.com\/wp-content\/uploads\/2018\/03\/GoodByeWoody.mp3\"><img loading=\"lazy\" class=\"alignnone size-full wp-image-681\" src=\"http:\/\/kurthummel.com\/wp-content\/uploads\/2018\/03\/icon_speaker.png\" alt=\"\" width=\"32\" height=\"32\"><\/a>&nbsp; &nbsp;&nbsp;<a href=\"http:\/\/kurthummel.com\/wp-content\/uploads\/2017\/07\/Good_Bye_Woody.pdf\"><img loading=\"lazy\" class=\"alignnone size-full wp-image-680\" src=\"http:\/\/kurthummel.com\/wp-content\/uploads\/2018\/03\/icon_pdf.png\" alt=\"\" width=\"32\" height=\"32\"><\/a>&nbsp; &nbsp; &nbsp;&nbsp;<a href=\"http:\/\/kurthummel.com\/wp-content\/uploads\/2018\/03\/GoodByWoody.mid\"><img loading=\"lazy\" class=\"alignnone size-full wp-image-678\" src=\"http:\/\/kurthummel.com\/wp-content\/uploads\/2018\/03\/icon_midi.png\" alt=\"\" width=\"32\" height=\"32\"><\/a><\/p>\n<hr>\n<p style=\"text-align: center;\"><span style=\"color: #808080;\"><strong>Lucca<\/strong><\/span><br \/>\n<a href=\"http:\/\/kurthummel.com\/wp-content\/uploads\/2018\/03\/Lucca.mp3\"><img loading=\"lazy\" class=\"alignnone size-full wp-image-681\" src=\"http:\/\/kurthummel.com\/wp-content\/uploads\/2018\/03\/icon_speaker.png\" alt=\"\" width=\"32\" height=\"32\"><\/a>&nbsp; &nbsp;&nbsp;<a href=\"http:\/\/kurthummel.com\/wp-content\/uploads\/2017\/07\/Lucca.pdf\"><img loading=\"lazy\" class=\"alignnone size-full wp-image-680\" src=\"http:\/\/kurthummel.com\/wp-content\/uploads\/2018\/03\/icon_pdf.png\" alt=\"\" width=\"32\" height=\"32\"><\/a>&nbsp; &nbsp; &nbsp;&nbsp;<a href=\"http:\/\/kurthummel.com\/wp-content\/uploads\/2018\/03\/Lucca.mid\"><img loading=\"lazy\" class=\"alignnone size-full wp-image-678\" src=\"http:\/\/kurthummel.com\/wp-content\/uploads\/2018\/03\/icon_midi.png\" alt=\"\" width=\"32\" height=\"32\"><\/a><\/p>\n<hr>\n<p style=\"text-align: center;\"><span style=\"color: #808080;\"><strong>Cha Chou<\/strong><\/span><br \/>\n<a href=\"http:\/\/kurthummel.com\/wp-content\/uploads\/2018\/03\/ChaChou.mp3\"><img loading=\"lazy\" class=\"alignnone size-full wp-image-681\" src=\"http:\/\/kurthummel.com\/wp-content\/uploads\/2018\/03\/icon_speaker.png\" alt=\"\" width=\"32\" height=\"32\"><\/a>&nbsp; &nbsp;&nbsp;<a href=\"http:\/\/kurthummel.com\/wp-content\/uploads\/2017\/07\/CHACHOU.pdf\"><img loading=\"lazy\" class=\"alignnone size-full wp-image-680\" src=\"http:\/\/kurthummel.com\/wp-content\/uploads\/2018\/03\/icon_pdf.png\" alt=\"\" width=\"32\" height=\"32\"><\/a>&nbsp; &nbsp; &nbsp;&nbsp;<a href=\"http:\/\/kurthummel.com\/wp-content\/uploads\/2018\/03\/ChaChou.mid\"><img loading=\"lazy\" class=\"alignnone size-full wp-image-678\" src=\"http:\/\/kurthummel.com\/wp-content\/uploads\/2018\/03\/icon_midi.png\" alt=\"\" width=\"32\" height=\"32\"><\/a><\/p>\n<hr>\n","protected":false},"excerpt":{"rendered":"<p>Guitar Music Compositions&nbsp; Kurt Hummel 1995-2017 56 Titel &#8211; erschienen bei epubli &#8211; Berlin erh\u00e4ltlich bei:&nbsp; &nbsp;&nbsp; &nbsp; Das Buch enth\u00e4lt einen Gro\u00dfteil der von Kurt Hummel in den Jahren 1995 bis 2017 komponierten St\u00fccke f\u00fcr die Sologitarre. Die 56 St\u00fccke sind in Noten und Tabulatur notiert und im Bereich mittelschwer einzustufen. Auch Informationen zu &hellip; <a href=\"http:\/\/kurthummel.com\/?page_id=264\" class=\"more-link\"><span class=\"screen-reader-text\">TABs<\/span> weiterlesen <span class=\"meta-nav\">&rarr;<\/span><\/a><\/p>\n","protected":false},"author":1,"featured_media":0,"parent":0,"menu_order":0,"comment_status":"closed","ping_status":"closed","template":"","meta":{"ngg_post_thumbnail":0},"_links":{"self":[{"href":"http:\/\/kurthummel.com\/index.php?rest_route=\/wp\/v2\/pages\/264"}],"collection":[{"href":"http:\/\/kurthummel.com\/index.php?rest_route=\/wp\/v2\/pages"}],"about":[{"href":"http:\/\/kurthummel.com\/index.php?rest_route=\/wp\/v2\/types\/page"}],"author":[{"embeddable":true,"href":"http:\/\/kurthummel.com\/index.php?rest_route=\/wp\/v2\/users\/1"}],"replies":[{"embeddable":true,"href":"http:\/\/kurthummel.com\/index.php?rest_route=%2Fwp%2Fv2%2Fcomments&post=264"}],"version-history":[{"count":34,"href":"http:\/\/kurthummel.com\/index.php?rest_route=\/wp\/v2\/pages\/264\/revisions"}],"predecessor-version":[{"id":913,"href":"http:\/\/kurthummel.com\/index.php?rest_route=\/wp\/v2\/pages\/264\/revisions\/913"}],"wp:attachment":[{"href":"http:\/\/kurthummel.com\/index.php?rest_route=%2Fwp%2Fv2%2Fmedia&parent=264"}],"curies":[{"name":"wp","href":"https:\/\/api.w.org\/{rel}","templated":true}]}}