{"id":46,"date":"2017-07-29T16:14:28","date_gmt":"2017-07-29T16:14:28","guid":{"rendered":"http:\/\/kurthummel.com\/?page_id=46"},"modified":"2021-05-01T18:57:41","modified_gmt":"2021-05-01T18:57:41","slug":"ueber-mich","status":"publish","type":"page","link":"http:\/\/kurthummel.com\/?page_id=46","title":{"rendered":"Historie"},"content":{"rendered":"<p style=\"text-align: justify;\"><img loading=\"lazy\" class=\"wp-image-112 alignright\" src=\"http:\/\/kurthummel.com\/wp-content\/uploads\/2017\/07\/Kurt_Drums1970.jpg\" alt=\"\" width=\"121\" height=\"172\">Im Alter von 16 Jahren begann ich Schlagzeug zu spielen und spielte in diversen Bands. Mein Studium der Nachrichtentechnik finanzierte sich mit Auftritten in einer Coverband. W\u00e4hrend dieser Zeit begann ich auch Gitarre zu spielen. Die Folkwelle war voll im Gange und Gitarristen wie z.B. Werner L\u00e4mmerhirt, John Renbourn, BertJansch und viele andere waren Vorbilder und konnten damals noch S\u00e4le f\u00fcllen. Ich begann Fingerstyle-Gitarrenst\u00fccke nachzuspielen und lernte als Autodidakt und gr\u00f6\u00dftenteils ohne Noten und Tabulaturen das eine oder andere St\u00fcck. Das Instrument meiner Wahl war eine Nylonsaiten-Gitarre.<\/p>\n<p style=\"text-align: justify;\"><img loading=\"lazy\" class=\" wp-image-136 alignleft\" src=\"http:\/\/kurthummel.com\/wp-content\/uploads\/2017\/07\/Rhodos1977.jpg\" alt=\"\" width=\"218\" height=\"137\">Im Jahre 1975 beschloss ich meine Ingenieurst\u00e4tigkeit einzustellen und mit meinem angesparten Geld zu reisen. Ich kam nicht sehr weit und blieb in Griechenland, auf Kreta, h\u00e4ngen. Dort und auf Rhodos verbrachte ich 3 Jahre und begann intensiver mit dem Gitarrenspiel. In dieser Zeit entstanden auch die ersten eignen Kompositionen f\u00fcr Gitarre.<\/p>\n<p align=\"justify\">Nachdem mein Geld aufgebraucht war, zog es mich zur\u00fcck nach Deutschland. Dort hatte ich die M\u00f6glichkeit als Toningenieur im Tonstudio eines Freundes in Wiesbaden zu arbeiten. <img loading=\"lazy\" class=\"size-medium wp-image-114 alignright\" src=\"http:\/\/kurthummel.com\/wp-content\/uploads\/2017\/07\/Kurt_Studio-300x219.jpg\" alt=\"\" width=\"300\" height=\"219\">In diesem Studio wurde von Pop bis Klassik alles produziert, auch viele Kinderh\u00f6rspiele und ich konnte die eine oder andere Komposition als Titel- oder Filmmusik ver\u00f6ffentlichen. In den 80er Jahren zog ich dann aufs Land, wurde Vater von 3 Kindern und ern\u00e4hrte mich vor allem durch das Erstellen von Computerprogrammen. In dieser Zeit vernachl\u00e4ssigte ich das Gitarrenspiel ein bisschen.<\/p>\n<p align=\"justify\">Mit dem Beginn des neuen Jahrtausends habe ich mich wieder der akustischen<img loading=\"lazy\" class=\"size-full wp-image-106 alignleft\" src=\"http:\/\/kurthummel.com\/wp-content\/uploads\/2017\/07\/kh_malediven.jpg\" alt=\"\" width=\"200\" height=\"131\">&nbsp;Gitarre zugewandt, verwende nun auch gerne die Stahlsaitengitarre und komponiere vor allem wieder f\u00fcr die akustische Solo-Gitarre oder kleine akustische Besetzungen. Viele der entstandenen St\u00fccke wurden auf Gitarren-Samplern bei Zyx, Delta und Edel ver\u00f6ffentlicht.&nbsp;Die meisten Ideen zu meinen Kompositionen entstehen auf Reisen oder an anderen Pl\u00e4tzen und Orten der Ruhe.<\/p>\n<p align=\"justify\"><img loading=\"lazy\" class=\"size-full wp-image-116 alignright\" src=\"http:\/\/kurthummel.com\/wp-content\/uploads\/2017\/07\/musikmesse_2013.jpg\" alt=\"\" width=\"200\" height=\"288\">Solokonzerte spiele ich im Durchschnitt 3-4 mal im Jahr. Ansonsten stelle ich die meisten meiner neuen Kompostionen auf&nbsp; YouTube hoch.<\/p>\n<p>&nbsp;<\/p>\n","protected":false},"excerpt":{"rendered":"<p>Im Alter von 16 Jahren begann ich Schlagzeug zu spielen und spielte in diversen Bands. Mein Studium der Nachrichtentechnik finanzierte sich mit Auftritten in einer Coverband. W\u00e4hrend dieser Zeit begann ich auch Gitarre zu spielen. Die Folkwelle war voll im Gange und Gitarristen wie z.B. Werner L\u00e4mmerhirt, John Renbourn, BertJansch und viele andere waren Vorbilder &hellip; <a href=\"http:\/\/kurthummel.com\/?page_id=46\" class=\"more-link\"><span class=\"screen-reader-text\">Historie<\/span> weiterlesen <span class=\"meta-nav\">&rarr;<\/span><\/a><\/p>\n","protected":false},"author":1,"featured_media":0,"parent":0,"menu_order":0,"comment_status":"closed","ping_status":"closed","template":"","meta":{"ngg_post_thumbnail":0},"_links":{"self":[{"href":"http:\/\/kurthummel.com\/index.php?rest_route=\/wp\/v2\/pages\/46"}],"collection":[{"href":"http:\/\/kurthummel.com\/index.php?rest_route=\/wp\/v2\/pages"}],"about":[{"href":"http:\/\/kurthummel.com\/index.php?rest_route=\/wp\/v2\/types\/page"}],"author":[{"embeddable":true,"href":"http:\/\/kurthummel.com\/index.php?rest_route=\/wp\/v2\/users\/1"}],"replies":[{"embeddable":true,"href":"http:\/\/kurthummel.com\/index.php?rest_route=%2Fwp%2Fv2%2Fcomments&post=46"}],"version-history":[{"count":11,"href":"http:\/\/kurthummel.com\/index.php?rest_route=\/wp\/v2\/pages\/46\/revisions"}],"predecessor-version":[{"id":1036,"href":"http:\/\/kurthummel.com\/index.php?rest_route=\/wp\/v2\/pages\/46\/revisions\/1036"}],"wp:attachment":[{"href":"http:\/\/kurthummel.com\/index.php?rest_route=%2Fwp%2Fv2%2Fmedia&parent=46"}],"curies":[{"name":"wp","href":"https:\/\/api.w.org\/{rel}","templated":true}]}}